{"id":626,"date":"2021-10-12T12:09:54","date_gmt":"2021-10-12T10:09:54","guid":{"rendered":"https:\/\/erzeugervermarktung-west.com\/?page_id=626"},"modified":"2022-04-19T09:47:39","modified_gmt":"2022-04-19T07:47:39","slug":"erzeugervermarktung","status":"publish","type":"page","link":"https:\/\/erzeugervermarktung-west.com\/en\/erzeugervermarktung\/","title":{"rendered":"Producer marketing"},"content":{"rendered":"<div class=\"banner has-hover has-video\" id=\"banner-1694754936\">\n          <div class=\"banner-inner fill\">\n        <div class=\"banner-bg fill\" >\n\t\t\t<img loading=\"lazy\" decoding=\"async\" width=\"1020\" height=\"574\" src=\"https:\/\/erzeugervermarktung-west.com\/wp-content\/uploads\/2022\/01\/iStock-1327736862-0-00-04-17.jpg\" class=\"bg\" alt=\"\" srcset=\"https:\/\/erzeugervermarktung-west.com\/wp-content\/uploads\/2022\/01\/iStock-1327736862-0-00-04-17.jpg 1280w, https:\/\/erzeugervermarktung-west.com\/wp-content\/uploads\/2022\/01\/iStock-1327736862-0-00-04-17-711x400.jpg 711w, https:\/\/erzeugervermarktung-west.com\/wp-content\/uploads\/2022\/01\/iStock-1327736862-0-00-04-17-768x432.jpg 768w, https:\/\/erzeugervermarktung-west.com\/wp-content\/uploads\/2022\/01\/iStock-1327736862-0-00-04-17-18x10.jpg 18w, https:\/\/erzeugervermarktung-west.com\/wp-content\/uploads\/2022\/01\/iStock-1327736862-0-00-04-17-600x338.jpg 600w\" sizes=\"auto, (max-width: 1020px) 100vw, 1020px\" \/>            \t<div class=\"video-overlay no-click fill hide-for-small\"><\/div>\n\t<video class=\"video-bg fill hide-for-small\" preload playsinline autoplay muted loop>\n\t\t<source src=\"http:\/\/erzeugervermarktung-west.com\/wp-content\/uploads\/2022\/01\/iStock-1327736862.mp4\" type=\"video\/mp4\">\t<\/video>\n                        \n\t<div class=\"is-border\"\n\t\tstyle=\"border-width:0px 0px 20px 0px;\">\n\t<\/div>\n                    <\/div>\n\t\t\n        <div class=\"banner-layers container\">\n            <div class=\"fill banner-link\"><\/div>            \n\n   <div id=\"text-box-1427312108\" class=\"text-box banner-layer x5 md-x5 lg-x5 y10 md-y10 lg-y10 res-text\">\n                                <div class=\"text-box-content text dark\">\n              \n              <div class=\"text-inner text-center\">\n                  \n\n<h3 style=\"text-align: left;\">PRODUCER MARKETING<\/h3>\n\n              <\/div>\n           <\/div>\n                            \n<style>\n#text-box-1427312108 {\n  margin: 0px 0px 0px 18px;\n  width: 84%;\n}\n#text-box-1427312108 .text-box-content {\n  background-color: rgba(71, 74, 100, 0.797);\n  border-radius: 22px;\n  font-size: 100%;\n}\n#text-box-1427312108 .text-inner {\n  padding: 7px 0px 7px 23px;\n}\n@media (min-width:550px) {\n  #text-box-1427312108 {\n    width: 50%;\n  }\n}\n@media (min-width:850px) {\n  #text-box-1427312108 {\n    width: 42%;\n  }\n}\n<\/style>\n    <\/div>\n \n\n        <\/div>\n      <\/div>\n\n            \n<style>\n#banner-1694754936 {\n  padding-top: 546px;\n}\n<\/style>\n  <\/div>\n\n\n<span class=\"scroll-to\" data-label=\"Scroll to: #zertifizierung\" data-bullet=\"true\" data-link=\"#zertifizierung\" data-title=\"Zertifizierung\" ><a name=\"zertifizierung\"><\/a><\/span>\n\n\n  <div class=\"banner has-hover\" id=\"banner-10385107\">\n          <div class=\"banner-inner fill\">\n        <div class=\"banner-bg fill\" >\n\t\t\t                                    \n\t<div class=\"is-border\"\n\t\tstyle=\"border-color:rgb(255, 255, 255);border-width:0px 0px 20px 0px;\">\n\t<\/div>\n                    <\/div>\n\t\t\n        <div class=\"banner-layers container\">\n            <div class=\"fill banner-link\"><\/div>            \n\n   <div id=\"text-box-1189245580\" class=\"text-box banner-layer x5 md-x5 lg-x5 y50 md-y50 lg-y50 res-text\">\n                                <div class=\"text-box-content text dark\">\n              \n              <div class=\"text-inner text-center\">\n                  \n\n\t<div id=\"text-2433159476\" class=\"text\">\n\t\t\n\n<h5 style=\"text-align: left;\">Our core assortment consists mainly of berries, asparagus, rhubarb, avocados, mangos and various exotics. Whether local or international - we always buy goods first hand.<\/h5>\n<p style=\"text-align: left;\">N\u00e4he zum Erzeuger ist f\u00fcr uns und Sie eine erste Qualit\u00e4tsgarantie, denn wir kennen unsere Produzenten und ihre Produktionsbedingungen genau. Auch an unseren eigenen Produktions-Standorten arbeiten wir auf h\u00f6chster Zertifizierungsstufe und nach f\u00fchrenden Standards unsere Branche: <strong>Global GAP CoC, QS, IFS Wholesale, Bio, HACCP, Demeter und Naturland<\/strong>. <br \/><br \/>In doing so, we rely on innovative, highly qualified quality management for the highest product quality and safety: risk-oriented and industry-beating residue monitoring is a central component of our system. We coordinate production, information and communication flows responsibly and always transparently to ensure your specific requirements at all times.<\/p>\n\t\t\n<style>\n#text-2433159476 {\n  color: #63666a;\n}\n#text-2433159476 > * {\n  color: #63666a;\n}\n<\/style>\n\t<\/div>\n\t\n\n              <\/div>\n           <\/div>\n                            \n<style>\n#text-box-1189245580 {\n  width: 89%;\n}\n#text-box-1189245580 .text-box-content {\n  font-size: 100%;\n}\n@media (min-width:550px) {\n  #text-box-1189245580 {\n    width: 93%;\n  }\n}\n<\/style>\n    <\/div>\n \n\n        <\/div>\n      <\/div>\n\n            \n<style>\n#banner-10385107 {\n  padding-top: 453px;\n  background-color: rgb(217, 217, 214);\n}\n<\/style>\n  <\/div>\n\n\n<span class=\"scroll-to\" data-label=\"Scroll to: #kernsortiment\" data-bullet=\"true\" data-link=\"#kernsortiment\" data-title=\"Kernsortiment\" ><a name=\"kernsortiment\"><\/a><\/span>\n\n\n  <div class=\"banner has-hover\" id=\"banner-1660474312\">\n          <div class=\"banner-inner fill\">\n        <div class=\"banner-bg fill\" >\n\t\t\t                                    \n\t<div class=\"is-border\"\n\t\tstyle=\"border-width:0px 0px 20px 0px;\">\n\t<\/div>\n                    <\/div>\n\t\t\n        <div class=\"banner-layers container\">\n            <div class=\"fill banner-link\"><\/div>            \n\n   <div id=\"text-box-871527930\" class=\"text-box banner-layer x50 md-x5 lg-x5 y10 md-y20 lg-y20 res-text\">\n                                <div class=\"text-box-content text dark\">\n              \n              <div class=\"text-inner text-left\">\n                  \n\n\t<div id=\"text-2498206369\" class=\"text\">\n\t\t\n\n<h3>Our selected assortment<\/h3>\n<p>We market regional, national and international products from conventional and organic cultivation, as well as from the cultivation contracts Naturland and Demeter.<\/p>\n<p>Our core assortment consists of berries, asparagus, rhubarb, regional vegetables, avocados, mangos and various exotics.<\/p>\n\t\t\n<style>\n#text-2498206369 {\n  color: rgb(99, 102, 106);\n}\n#text-2498206369 > * {\n  color: rgb(99, 102, 106);\n}\n<\/style>\n\t<\/div>\n\t\n\n              <\/div>\n           <\/div>\n                            \n<style>\n#text-box-871527930 {\n  width: 91%;\n}\n#text-box-871527930 .text-box-content {\n  font-size: 100%;\n}\n@media (min-width:550px) {\n  #text-box-871527930 {\n    width: 44%;\n  }\n}\n<\/style>\n    <\/div>\n \n   <div id=\"text-box-973822365\" class=\"text-box banner-layer x50 md-x100 lg-x100 y95 md-y50 lg-y50 res-text\">\n                                <div class=\"text-box-content text dark\">\n              \n              <div class=\"text-inner text-left\">\n                  \n\n\t<div class=\"img has-hover x md-x lg-x y md-y lg-y\" id=\"image_590152431\">\n\t\t\t\t\t\t\t\t<div class=\"img-inner dark\" >\n\t\t\t<img loading=\"lazy\" decoding=\"async\" width=\"1020\" height=\"680\" src=\"https:\/\/erzeugervermarktung-west.com\/wp-content\/uploads\/2021\/10\/GettyImages-168629072-1200x800.jpg\" class=\"attachment-large size-large\" alt=\"\" srcset=\"https:\/\/erzeugervermarktung-west.com\/wp-content\/uploads\/2021\/10\/GettyImages-168629072-1200x800.jpg 1200w, https:\/\/erzeugervermarktung-west.com\/wp-content\/uploads\/2021\/10\/GettyImages-168629072-600x400.jpg 600w, https:\/\/erzeugervermarktung-west.com\/wp-content\/uploads\/2021\/10\/GettyImages-168629072-768x512.jpg 768w, https:\/\/erzeugervermarktung-west.com\/wp-content\/uploads\/2021\/10\/GettyImages-168629072-1536x1024.jpg 1536w, https:\/\/erzeugervermarktung-west.com\/wp-content\/uploads\/2021\/10\/GettyImages-168629072-2048x1365.jpg 2048w, https:\/\/erzeugervermarktung-west.com\/wp-content\/uploads\/2021\/10\/GettyImages-168629072-18x12.jpg 18w\" sizes=\"auto, (max-width: 1020px) 100vw, 1020px\" \/>\t\t\t\t\t\t\n\t\t\t\t\t<\/div>\n\t\t\t\t\t\t\t\t\n<style>\n#image_590152431 {\n  width: 100%;\n}\n<\/style>\n\t<\/div>\n\t\n\n\n              <\/div>\n           <\/div>\n                            \n<style>\n#text-box-973822365 {\n  width: 91%;\n}\n#text-box-973822365 .text-box-content {\n  font-size: 100%;\n}\n@media (min-width:550px) {\n  #text-box-973822365 {\n    width: 47%;\n  }\n}\n<\/style>\n    <\/div>\n \n\n        <\/div>\n      <\/div>\n\n            \n<style>\n#banner-1660474312 {\n  padding-top: 500px;\n  background-color: rgb(217, 217, 214);\n}\n<\/style>\n  <\/div>\n\n\n<span class=\"scroll-to\" data-label=\"Scroll to: #management\" data-bullet=\"true\" data-link=\"#management\" data-title=\"Management\" ><a name=\"management\"><\/a><\/span>\n\n\n  <div class=\"banner has-hover\" id=\"banner-996433022\">\n          <div class=\"banner-inner fill\">\n        <div class=\"banner-bg fill\" >\n\t\t\t                                    \n\t<div class=\"is-border\"\n\t\tstyle=\"border-width:0px 0px 20px 0px;\">\n\t<\/div>\n                    <\/div>\n\t\t\n        <div class=\"banner-layers container\">\n            <div class=\"fill banner-link\"><\/div>            \n\n   <div id=\"text-box-154367804\" class=\"text-box banner-layer x50 md-x5 lg-x5 y10 md-y5 lg-y5 res-text\">\n                                <div class=\"text-box-content text dark\">\n              \n              <div class=\"text-inner text-left\">\n                  \n\n\t<div id=\"text-3007873813\" class=\"text\">\n\t\t\n\n<h3>Adding Value<\/h3>\n<p><strong>Packaging: <\/strong>Multi-head weighing and packing, top sealing, check-weighing, hand selection<\/p>\n<p><strong>Labeling: <\/strong>Auto-application, hand-application, online printing<\/p>\n<p><strong>Revision: <\/strong>Hand selection, optical sorting\u2028<\/p>\n<p><strong>Salvage: <\/strong>for insurers, complete revision and disposal\u2028<\/p>\n<p><strong>Disposal: <\/strong>low environmental impact<\/p>\n\t\t\n<style>\n#text-3007873813 {\n  color: rgb(99, 102, 106);\n}\n#text-3007873813 > * {\n  color: rgb(99, 102, 106);\n}\n<\/style>\n\t<\/div>\n\t\n\n              <\/div>\n           <\/div>\n                            \n<style>\n#text-box-154367804 {\n  width: 91%;\n}\n#text-box-154367804 .text-box-content {\n  font-size: 100%;\n}\n@media (min-width:550px) {\n  #text-box-154367804 {\n    width: 44%;\n  }\n}\n<\/style>\n    <\/div>\n \n   <div id=\"text-box-828930257\" class=\"text-box banner-layer x50 md-x100 lg-x100 y95 md-y10 lg-y10 res-text\">\n                                <div class=\"text-box-content text dark\">\n              \n              <div class=\"text-inner text-left\">\n                  \n\n\t<div class=\"img has-hover x md-x lg-x y md-y lg-y\" id=\"image_541902558\">\n\t\t\t\t\t\t\t\t<div class=\"img-inner image-cover dark\" style=\"padding-top:56.25%;\">\n\t\t\t<img loading=\"lazy\" decoding=\"async\" width=\"1020\" height=\"681\" src=\"https:\/\/erzeugervermarktung-west.com\/wp-content\/uploads\/2021\/10\/GettyImages-1148604348-1199x800.jpg\" class=\"attachment-large size-large\" alt=\"\" srcset=\"https:\/\/erzeugervermarktung-west.com\/wp-content\/uploads\/2021\/10\/GettyImages-1148604348-1199x800.jpg 1199w, https:\/\/erzeugervermarktung-west.com\/wp-content\/uploads\/2021\/10\/GettyImages-1148604348-599x400.jpg 599w, https:\/\/erzeugervermarktung-west.com\/wp-content\/uploads\/2021\/10\/GettyImages-1148604348-768x512.jpg 768w, https:\/\/erzeugervermarktung-west.com\/wp-content\/uploads\/2021\/10\/GettyImages-1148604348-1536x1025.jpg 1536w, https:\/\/erzeugervermarktung-west.com\/wp-content\/uploads\/2021\/10\/GettyImages-1148604348-2048x1367.jpg 2048w, https:\/\/erzeugervermarktung-west.com\/wp-content\/uploads\/2021\/10\/GettyImages-1148604348-18x12.jpg 18w, https:\/\/erzeugervermarktung-west.com\/wp-content\/uploads\/2021\/10\/GettyImages-1148604348-600x400.jpg 600w\" sizes=\"auto, (max-width: 1020px) 100vw, 1020px\" \/>\t\t\t\t\t\t\n\t\t\t\t\t<\/div>\n\t\t\t\t\t\t\t\t\n<style>\n#image_541902558 {\n  width: 100%;\n}\n<\/style>\n\t<\/div>\n\t\n\n\n              <\/div>\n           <\/div>\n                            \n<style>\n#text-box-828930257 {\n  width: 91%;\n}\n#text-box-828930257 .text-box-content {\n  font-size: 100%;\n}\n@media (min-width:550px) {\n  #text-box-828930257 {\n    width: 47%;\n  }\n}\n<\/style>\n    <\/div>\n \n\n        <\/div>\n      <\/div>\n\n            \n<style>\n#banner-996433022 {\n  padding-top: 500px;\n  background-color: rgb(217, 217, 214);\n}\n<\/style>\n  <\/div>\n\n\n<span class=\"scroll-to\" data-label=\"Scroll to: #nachhaltigkeit\" data-bullet=\"true\" data-link=\"#nachhaltigkeit\" data-title=\"Nachhaltigkeit\" ><a name=\"nachhaltigkeit\"><\/a><\/span>\n\n\n  <div class=\"banner has-hover\" id=\"banner-2025382767\">\n          <div class=\"banner-inner fill\">\n        <div class=\"banner-bg fill\" >\n\t\t\t                                    \n\t<div class=\"is-border\"\n\t\tstyle=\"border-width:0px 0px 20px 0px;\">\n\t<\/div>\n                    <\/div>\n\t\t\n        <div class=\"banner-layers container\">\n            <div class=\"fill banner-link\"><\/div>            \n\n   <div id=\"text-box-1120899886\" class=\"text-box banner-layer x50 md-x5 lg-x5 y10 md-y5 lg-y5 res-text\">\n                                <div class=\"text-box-content text dark\">\n              \n              <div class=\"text-inner text-left\">\n                  \n\n\t<div id=\"text-1426418668\" class=\"text\">\n\t\t\n\n<h3>Our sustainable strategy<\/h3>\n<p>Sustainability is close to our heart. That is why we rely on future-oriented certifications, such as Demeter, Bio &amp; Naturland. Trust and reliability are the basis of our business. This manifests itself not only in long-standing, loyal relationships with suppliers and customers, but also in fair prices for producers. By re-sorting, re-packaging and making rejected goods sellable again, we prevent food from being thrown away unnecessarily. At our packing station, we also offer sustainable, plastic-free packaging options - and attach great importance to fair labor contracts for all our employers and staff.<\/p>\n\t\t\n<style>\n#text-1426418668 {\n  color: rgb(99, 102, 106);\n}\n#text-1426418668 > * {\n  color: rgb(99, 102, 106);\n}\n<\/style>\n\t<\/div>\n\t\n\n              <\/div>\n           <\/div>\n                            \n<style>\n#text-box-1120899886 {\n  width: 91%;\n}\n#text-box-1120899886 .text-box-content {\n  font-size: 100%;\n}\n@media (min-width:550px) {\n  #text-box-1120899886 {\n    width: 44%;\n  }\n}\n<\/style>\n    <\/div>\n \n   <div id=\"text-box-1317678631\" class=\"text-box banner-layer x50 md-x100 lg-x100 y100 md-y10 lg-y10 res-text\">\n                                <div class=\"text-box-content text dark\">\n              \n              <div class=\"text-inner text-left\">\n                  \n\n\t<div class=\"img has-hover x md-x lg-x y md-y lg-y\" id=\"image_1505919152\">\n\t\t\t\t\t\t\t\t<div class=\"img-inner image-cover dark\" style=\"padding-top:56.25%;\">\n\t\t\t<img loading=\"lazy\" decoding=\"async\" width=\"1020\" height=\"680\" src=\"https:\/\/erzeugervermarktung-west.com\/wp-content\/uploads\/2021\/10\/GettyImages-1316575112-1200x800.jpg\" class=\"attachment-large size-large\" alt=\"\" srcset=\"https:\/\/erzeugervermarktung-west.com\/wp-content\/uploads\/2021\/10\/GettyImages-1316575112-1200x800.jpg 1200w, https:\/\/erzeugervermarktung-west.com\/wp-content\/uploads\/2021\/10\/GettyImages-1316575112-600x400.jpg 600w, https:\/\/erzeugervermarktung-west.com\/wp-content\/uploads\/2021\/10\/GettyImages-1316575112-768x512.jpg 768w, https:\/\/erzeugervermarktung-west.com\/wp-content\/uploads\/2021\/10\/GettyImages-1316575112-1536x1024.jpg 1536w, https:\/\/erzeugervermarktung-west.com\/wp-content\/uploads\/2021\/10\/GettyImages-1316575112-2048x1365.jpg 2048w, https:\/\/erzeugervermarktung-west.com\/wp-content\/uploads\/2021\/10\/GettyImages-1316575112-18x12.jpg 18w\" sizes=\"auto, (max-width: 1020px) 100vw, 1020px\" \/>\t\t\t\t\t\t\n\t\t\t\t\t<\/div>\n\t\t\t\t\t\t\t\t\n<style>\n#image_1505919152 {\n  width: 100%;\n}\n<\/style>\n\t<\/div>\n\t\n\n\n              <\/div>\n           <\/div>\n                            \n<style>\n#text-box-1317678631 {\n  width: 91%;\n}\n#text-box-1317678631 .text-box-content {\n  font-size: 100%;\n}\n@media (min-width:550px) {\n  #text-box-1317678631 {\n    width: 47%;\n  }\n}\n<\/style>\n    <\/div>\n \n\n        <\/div>\n      <\/div>\n\n            \n<style>\n#banner-2025382767 {\n  padding-top: 500px;\n  background-color: rgb(217, 217, 214);\n}\n<\/style>\n  <\/div>","protected":false},"excerpt":{"rendered":"","protected":false},"author":1,"featured_media":0,"parent":0,"menu_order":0,"comment_status":"closed","ping_status":"closed","template":"page-blank.php","meta":{"footnotes":""},"class_list":["post-626","page","type-page","status-publish","hentry"],"_links":{"self":[{"href":"https:\/\/erzeugervermarktung-west.com\/en\/wp-json\/wp\/v2\/pages\/626","targetHints":{"allow":["GET"]}}],"collection":[{"href":"https:\/\/erzeugervermarktung-west.com\/en\/wp-json\/wp\/v2\/pages"}],"about":[{"href":"https:\/\/erzeugervermarktung-west.com\/en\/wp-json\/wp\/v2\/types\/page"}],"author":[{"embeddable":true,"href":"https:\/\/erzeugervermarktung-west.com\/en\/wp-json\/wp\/v2\/users\/1"}],"replies":[{"embeddable":true,"href":"https:\/\/erzeugervermarktung-west.com\/en\/wp-json\/wp\/v2\/comments?post=626"}],"version-history":[{"count":83,"href":"https:\/\/erzeugervermarktung-west.com\/en\/wp-json\/wp\/v2\/pages\/626\/revisions"}],"predecessor-version":[{"id":1015,"href":"https:\/\/erzeugervermarktung-west.com\/en\/wp-json\/wp\/v2\/pages\/626\/revisions\/1015"}],"wp:attachment":[{"href":"https:\/\/erzeugervermarktung-west.com\/en\/wp-json\/wp\/v2\/media?parent=626"}],"curies":[{"name":"wp","href":"https:\/\/api.w.org\/{rel}","templated":true}]}}