{"id":369,"date":"1968-07-18T12:25:34","date_gmt":"1968-07-18T11:25:34","guid":{"rendered":"https:\/\/erzeugervermarktung-west.com\/?page_id=369"},"modified":"2021-09-20T18:09:34","modified_gmt":"2021-09-20T16:09:34","slug":"impressum","status":"publish","type":"page","link":"https:\/\/erzeugervermarktung-west.com\/en\/impressum\/","title":{"rendered":"Imprint"},"content":{"rendered":"<h1>Imprint<\/h1>\n<h2>Angaben gem\u00e4\u00df \u00a7 5 TMG<\/h2>\n<p>Erzeugervermarktung West &#8211; EVW GmbH &amp; Co. KG \u2028<br \/>Marktweg 65<br \/>50354 H\u00fcrth<\/p>\n<p><strong>Vertreten durch:<\/strong><br \/>Gesch\u00e4ftsf\u00fchrer: G\u00fcnther Hach Amar<\/p>\n<p>Handelsregister: HRA 35319<br \/>Registergericht: Amtsgericht K\u00f6ln<\/p>\n<h2>Contact<\/h2>\n<p>Tel.: +49 (0) 151 74478932\u2028\u00a0<br \/>Tel.: +49 (0) 2233 460 60 41<br \/>E-Mail: gha@ev-west.de<\/p>\n<h2>Umsatzsteuer-ID<\/h2>\n<p>Umsatzsteuer-Identifikationsnummer gem\u00e4\u00df \u00a7 27 a Umsatzsteuergesetz:<br \/>DE339047711<\/p>\n<h2>Verbraucher\u00adstreit\u00adbeilegung\/Universal\u00adschlichtungs\u00adstelle<\/h2>\n<p>Wir sind nicht bereit oder verpflichtet, an Streitbeilegungsverfahren vor einer Verbraucherschlichtungsstelle teilzunehmen.<\/p>","protected":false},"excerpt":{"rendered":"<p>Impressum Angaben gem\u00e4\u00df \u00a7 5 TMG Erzeugervermarktung West &#8211; EVW GmbH &amp; Co. KG \u2028Marktweg 6550354 H\u00fcrth Vertreten durch:Gesch\u00e4ftsf\u00fchrer: G\u00fcnther Hach Amar Handelsregister: HRA 35319Registergericht: Amtsgericht K\u00f6ln Kontakt Tel.: +49 (0) 151 74478932\u2028\u00a0Tel.: +49 (0) 2233 460 60 41E-Mail: gha@ev-west.de Umsatzsteuer-ID Umsatzsteuer-Identifikationsnummer gem\u00e4\u00df \u00a7 27 a Umsatzsteuergesetz:DE339047711 Verbraucher\u00adstreit\u00adbeilegung\/Universal\u00adschlichtungs\u00adstelle Wir sind nicht bereit oder verpflichtet, an [&#8230;]\n","protected":false},"author":1,"featured_media":0,"parent":0,"menu_order":0,"comment_status":"closed","ping_status":"closed","template":"","meta":{"footnotes":""},"class_list":["post-369","page","type-page","status-publish","hentry"],"_links":{"self":[{"href":"https:\/\/erzeugervermarktung-west.com\/en\/wp-json\/wp\/v2\/pages\/369","targetHints":{"allow":["GET"]}}],"collection":[{"href":"https:\/\/erzeugervermarktung-west.com\/en\/wp-json\/wp\/v2\/pages"}],"about":[{"href":"https:\/\/erzeugervermarktung-west.com\/en\/wp-json\/wp\/v2\/types\/page"}],"author":[{"embeddable":true,"href":"https:\/\/erzeugervermarktung-west.com\/en\/wp-json\/wp\/v2\/users\/1"}],"replies":[{"embeddable":true,"href":"https:\/\/erzeugervermarktung-west.com\/en\/wp-json\/wp\/v2\/comments?post=369"}],"version-history":[{"count":7,"href":"https:\/\/erzeugervermarktung-west.com\/en\/wp-json\/wp\/v2\/pages\/369\/revisions"}],"predecessor-version":[{"id":380,"href":"https:\/\/erzeugervermarktung-west.com\/en\/wp-json\/wp\/v2\/pages\/369\/revisions\/380"}],"wp:attachment":[{"href":"https:\/\/erzeugervermarktung-west.com\/en\/wp-json\/wp\/v2\/media?parent=369"}],"curies":[{"name":"wp","href":"https:\/\/api.w.org\/{rel}","templated":true}]}}